{"id":81,"date":"2024-09-06T16:36:36","date_gmt":"2024-09-06T16:36:36","guid":{"rendered":"http:\/\/modrijan.com\/?page_id=81"},"modified":"2024-09-30T19:33:10","modified_gmt":"2024-09-30T17:33:10","slug":"dejavnosti","status":"publish","type":"page","link":"http:\/\/modrijan.com\/?page_id=81","title":{"rendered":"Dejavnosti"},"content":{"rendered":"\n<div class=\"wp-block-group\"><div class=\"wp-block-group__inner-container is-layout-constrained wp-block-group-is-layout-constrained\">\n<div class=\"wp-block-columns is-layout-flex wp-container-core-columns-is-layout-9d6595d7 wp-block-columns-is-layout-flex\">\n<div class=\"wp-block-column is-layout-flow wp-block-column-is-layout-flow\" style=\"flex-basis:100%\">\n<div class=\"wp-block-group is-content-justification-center is-nowrap is-layout-flex wp-container-core-group-is-layout-94bc23d7 wp-block-group-is-layout-flex\">\n<p><\/p>\n<\/div>\n<\/div>\n<\/div>\n\n\n\n\n\n<h2>Dejavnosti<\/h2>\n\n\n\n\n\n<p><strong>Servis koles<\/strong> \u2013 strojnik po du\u0161i in kolesar po srcu trenutno sodelujem z ekipo Jan Sport z Vrhnike, z veseljem pa pregledam in popravim tudi va\u0161e kolo ali pa vam svetujem pri nakupu komponent in novega kolesa. V prihodnosti \u017eelim, da izdelava, servisiranje in popravila koles postanejo moja glavna dejavnost.<\/p>\n\n\n\n<p><strong>Trenerstvo<\/strong> \u2013 kot licencirani trener gorskega in bmx kolesarstva sem \u010dlan \u0160KD Super Potencial z Vrhnike, kjer treniram ekipo mladih nadobudnih kolesarjev v disciplini enduro.<\/p>\n\n\n\n<p>Z veseljem pa vam prisko\u010dim na pomo\u010d tudi pri individualnih treningih, turah in \u0161portnih dnevih.<\/p>\n\n\n\n<p><strong>Varjenje in izdelava razli\u010dnih izdelkov in konstrukcij<\/strong> \u2013 v letu 2023 sem uspe\u0161no zaklju\u010dil izobra\u017eevanje na In\u0161titutu za varilstvo in pridobil certifikat za varilca. Z varjenjem imam \u017ee kar nekaj izku\u0161enj, saj je za mano \u017ee kar nekaj uspe\u0161nih projektov. <\/p>\n\n\n\n<p>Tudi kolesa, katera sem do sedaj izdelal so ve\u010dinoma varjena ali lotana, popravil oz. zvaril pa sem tudi \u017ee nekaj po\u010denih okvirjev koles in do sedaj so \u0161e vsa v funkciji. <\/p>\n\n\n\n<p>\u010ce imate torej idejo, \u017eeljo ali potrebo po izdelavi manj\u0161ih konstrukcij ali izdelkov, vam z veseljem prisko\u010dim na pomo\u010d.<\/p>\n\n\n\n\n\n\n\n\n\n<p>Lorem Ipsum has been the industry&#8217;s standard dummy text ever since the 1500s.<\/p>\n\n\n\n<p>Lorem Ipsum has been the industry&#8217;s standard dummy text ever since the 1500s.<\/p>\n\n\n<\/div><\/div>\n\n\n\n<p><\/p>\n","protected":false},"excerpt":{"rendered":"","protected":false},"author":1,"featured_media":0,"parent":0,"menu_order":0,"comment_status":"closed","ping_status":"closed","template":"","meta":{"pagelayer_contact_templates":[],"_pagelayer_content":"","_sitemap_exclude":false,"_sitemap_priority":"","_sitemap_frequency":"","footnotes":""},"class_list":["post-81","page","type-page","status-publish","hentry"],"yoast_head":"<!-- This site is optimized with the Yoast SEO plugin v24.0 - https:\/\/yoast.com\/wordpress\/plugins\/seo\/ -->\n<title>Dejavnosti - Jan Modrijan<\/title>\n<meta name=\"robots\" content=\"index, follow, max-snippet:-1, max-image-preview:large, max-video-preview:-1\" \/>\n<link rel=\"canonical\" href=\"http:\/\/modrijan.com\/?page_id=81\" \/>\n<meta property=\"og:locale\" content=\"sl_SI\" \/>\n<meta property=\"og:type\" content=\"article\" \/>\n<meta property=\"og:title\" content=\"Dejavnosti - Jan Modrijan\" \/>\n<meta property=\"og:url\" content=\"http:\/\/modrijan.com\/?page_id=81\" \/>\n<meta property=\"og:site_name\" content=\"Jan Modrijan\" \/>\n<meta property=\"article:publisher\" content=\"https:\/\/www.instagram.com\/modri__jan\/\" \/>\n<meta property=\"article:modified_time\" content=\"2024-09-30T17:33:10+00:00\" \/>\n<meta name=\"twitter:card\" content=\"summary_large_image\" \/>\n<meta name=\"twitter:label1\" content=\"Est. reading time\" \/>\n\t<meta name=\"twitter:data1\" content=\"1 minuta\" \/>\n<script type=\"application\/ld+json\" class=\"yoast-schema-graph\">{\"@context\":\"https:\/\/schema.org\",\"@graph\":[{\"@type\":\"WebPage\",\"@id\":\"http:\/\/modrijan.com\/?page_id=81\",\"url\":\"http:\/\/modrijan.com\/?page_id=81\",\"name\":\"Dejavnosti - Jan Modrijan\",\"isPartOf\":{\"@id\":\"https:\/\/modrijan.com\/#website\"},\"datePublished\":\"2024-09-06T16:36:36+00:00\",\"dateModified\":\"2024-09-30T17:33:10+00:00\",\"breadcrumb\":{\"@id\":\"http:\/\/modrijan.com\/?page_id=81#breadcrumb\"},\"inLanguage\":\"sl-SI\",\"potentialAction\":[{\"@type\":\"ReadAction\",\"target\":[\"http:\/\/modrijan.com\/?page_id=81\"]}]},{\"@type\":\"BreadcrumbList\",\"@id\":\"http:\/\/modrijan.com\/?page_id=81#breadcrumb\",\"itemListElement\":[{\"@type\":\"ListItem\",\"position\":1,\"name\":\"Home\",\"item\":\"https:\/\/modrijan.com\/\"},{\"@type\":\"ListItem\",\"position\":2,\"name\":\"Dejavnosti\"}]},{\"@type\":\"WebSite\",\"@id\":\"https:\/\/modrijan.com\/#website\",\"url\":\"https:\/\/modrijan.com\/\",\"name\":\"Jan Modrijan s.p.\",\"description\":\"Servis koles, \u0161portno treniranje in izdelava konstrukcij, Jan Modrijan s.p.\",\"publisher\":{\"@id\":\"https:\/\/modrijan.com\/#organization\"},\"potentialAction\":[{\"@type\":\"SearchAction\",\"target\":{\"@type\":\"EntryPoint\",\"urlTemplate\":\"https:\/\/modrijan.com\/?s={search_term_string}\"},\"query-input\":{\"@type\":\"PropertyValueSpecification\",\"valueRequired\":true,\"valueName\":\"search_term_string\"}}],\"inLanguage\":\"sl-SI\"},{\"@type\":\"Organization\",\"@id\":\"https:\/\/modrijan.com\/#organization\",\"name\":\"Jan Modrijan s.p.\",\"url\":\"https:\/\/modrijan.com\/\",\"logo\":{\"@type\":\"ImageObject\",\"inLanguage\":\"sl-SI\",\"@id\":\"https:\/\/modrijan.com\/#\/schema\/logo\/image\/\",\"url\":\"https:\/\/modrijan.com\/wp-content\/uploads\/2024\/09\/cropped-image00002.jpeg\",\"contentUrl\":\"https:\/\/modrijan.com\/wp-content\/uploads\/2024\/09\/cropped-image00002.jpeg\",\"width\":1082,\"height\":1083,\"caption\":\"Jan Modrijan s.p.\"},\"image\":{\"@id\":\"https:\/\/modrijan.com\/#\/schema\/logo\/image\/\"},\"sameAs\":[\"https:\/\/www.instagram.com\/modri__jan\/\"]}]}<\/script>\n<!-- \/ Yoast SEO plugin. -->","yoast_head_json":{"title":"Dejavnosti - Jan Modrijan","robots":{"index":"index","follow":"follow","max-snippet":"max-snippet:-1","max-image-preview":"max-image-preview:large","max-video-preview":"max-video-preview:-1"},"canonical":"http:\/\/modrijan.com\/?page_id=81","og_locale":"sl_SI","og_type":"article","og_title":"Dejavnosti - Jan Modrijan","og_url":"http:\/\/modrijan.com\/?page_id=81","og_site_name":"Jan Modrijan","article_publisher":"https:\/\/www.instagram.com\/modri__jan\/","article_modified_time":"2024-09-30T17:33:10+00:00","twitter_card":"summary_large_image","twitter_misc":{"Est. reading time":"1 minuta"},"schema":{"@context":"https:\/\/schema.org","@graph":[{"@type":"WebPage","@id":"http:\/\/modrijan.com\/?page_id=81","url":"http:\/\/modrijan.com\/?page_id=81","name":"Dejavnosti - Jan Modrijan","isPartOf":{"@id":"https:\/\/modrijan.com\/#website"},"datePublished":"2024-09-06T16:36:36+00:00","dateModified":"2024-09-30T17:33:10+00:00","breadcrumb":{"@id":"http:\/\/modrijan.com\/?page_id=81#breadcrumb"},"inLanguage":"sl-SI","potentialAction":[{"@type":"ReadAction","target":["http:\/\/modrijan.com\/?page_id=81"]}]},{"@type":"BreadcrumbList","@id":"http:\/\/modrijan.com\/?page_id=81#breadcrumb","itemListElement":[{"@type":"ListItem","position":1,"name":"Home","item":"https:\/\/modrijan.com\/"},{"@type":"ListItem","position":2,"name":"Dejavnosti"}]},{"@type":"WebSite","@id":"https:\/\/modrijan.com\/#website","url":"https:\/\/modrijan.com\/","name":"Jan Modrijan s.p.","description":"Servis koles, \u0161portno treniranje in izdelava konstrukcij, Jan Modrijan s.p.","publisher":{"@id":"https:\/\/modrijan.com\/#organization"},"potentialAction":[{"@type":"SearchAction","target":{"@type":"EntryPoint","urlTemplate":"https:\/\/modrijan.com\/?s={search_term_string}"},"query-input":{"@type":"PropertyValueSpecification","valueRequired":true,"valueName":"search_term_string"}}],"inLanguage":"sl-SI"},{"@type":"Organization","@id":"https:\/\/modrijan.com\/#organization","name":"Jan Modrijan s.p.","url":"https:\/\/modrijan.com\/","logo":{"@type":"ImageObject","inLanguage":"sl-SI","@id":"https:\/\/modrijan.com\/#\/schema\/logo\/image\/","url":"https:\/\/modrijan.com\/wp-content\/uploads\/2024\/09\/cropped-image00002.jpeg","contentUrl":"https:\/\/modrijan.com\/wp-content\/uploads\/2024\/09\/cropped-image00002.jpeg","width":1082,"height":1083,"caption":"Jan Modrijan s.p."},"image":{"@id":"https:\/\/modrijan.com\/#\/schema\/logo\/image\/"},"sameAs":["https:\/\/www.instagram.com\/modri__jan\/"]}]}},"_links":{"self":[{"href":"http:\/\/modrijan.com\/index.php?rest_route=\/wp\/v2\/pages\/81","targetHints":{"allow":["GET"]}}],"collection":[{"href":"http:\/\/modrijan.com\/index.php?rest_route=\/wp\/v2\/pages"}],"about":[{"href":"http:\/\/modrijan.com\/index.php?rest_route=\/wp\/v2\/types\/page"}],"author":[{"embeddable":true,"href":"http:\/\/modrijan.com\/index.php?rest_route=\/wp\/v2\/users\/1"}],"replies":[{"embeddable":true,"href":"http:\/\/modrijan.com\/index.php?rest_route=%2Fwp%2Fv2%2Fcomments&post=81"}],"version-history":[{"count":20,"href":"http:\/\/modrijan.com\/index.php?rest_route=\/wp\/v2\/pages\/81\/revisions"}],"predecessor-version":[{"id":489,"href":"http:\/\/modrijan.com\/index.php?rest_route=\/wp\/v2\/pages\/81\/revisions\/489"}],"wp:attachment":[{"href":"http:\/\/modrijan.com\/index.php?rest_route=%2Fwp%2Fv2%2Fmedia&parent=81"}],"curies":[{"name":"wp","href":"https:\/\/api.w.org\/{rel}","templated":true}]}}